{"id":1323,"date":"2026-02-12T12:45:18","date_gmt":"2026-02-12T11:45:18","guid":{"rendered":"https:\/\/www.hotelcoteouestcom.preprod.eliophot.dev\/?page_id=1323"},"modified":"2026-03-11T18:08:42","modified_gmt":"2026-03-11T17:08:42","slug":"legal-notice","status":"publish","type":"page","link":"https:\/\/www.hotelcoteouestcom.preprod.eliophot.dev\/en\/mentions-legales\/","title":{"rendered":"Terms of use"},"content":{"rendered":"<div data-elementor-type=\"wp-page\" data-elementor-id=\"1323\" class=\"elementor elementor-1323\" data-elementor-post-type=\"page\">\n\t\t\t\t<div class=\"elementor-element elementor-element-4eea612 e-flex e-con-boxed e-con e-parent\" data-id=\"4eea612\" data-element_type=\"container\" data-e-type=\"container\">\n\t\t\t\t\t<div class=\"e-con-inner\">\n\t\t<div class=\"elementor-element elementor-element-dfbcb6d e-con-full e-flex e-con e-child\" data-id=\"dfbcb6d\" data-element_type=\"container\" data-e-type=\"container\">\n\t\t\t\t<div class=\"elementor-element elementor-element-c2a4989 elementor-widget elementor-widget-image\" data-id=\"c2a4989\" data-element_type=\"widget\" data-e-type=\"widget\" data-widget_type=\"image.default\">\n\t\t\t\t<div class=\"elementor-widget-container\">\n\t\t\t\t\t\t\t\t\t\t\t\t\t\t\t<img decoding=\"async\" width=\"123\" height=\"129\" src=\"https:\/\/www.hotelcoteouestcom.preprod.eliophot.dev\/wp-content\/uploads\/2026\/02\/hco-boussole.svg\" class=\"attachment-full size-full wp-image-1170\" alt=\"\" title=\"\">\t\t\t\t\t\t\t\t\t\t\t\t\t\t\t<\/div>\n\t\t\t\t<\/div>\n\t\t\t\t<div class=\"elementor-element elementor-element-b564155 main-title animated elementor-widget elementor-widget-heading\" data-id=\"b564155\" data-element_type=\"widget\" data-e-type=\"widget\" data-widget_type=\"heading.default\">\n\t\t\t\t<div class=\"elementor-widget-container\">\n\t\t\t\t\t<h1 class=\"elementor-heading-title elementor-size-default\">Mentions<br> <em>legal<\/em><\/h1>\t\t\t\t<\/div>\n\t\t\t\t<\/div>\n\t\t\t\t<\/div>\n\t\t<div class=\"elementor-element elementor-element-e32b037 e-con-full e-flex e-con e-child\" data-id=\"e32b037\" data-element_type=\"container\" data-e-type=\"container\">\n\t\t<div class=\"elementor-element elementor-element-bf1d9ae e-con-full e-flex e-con e-child\" data-id=\"bf1d9ae\" data-element_type=\"container\" data-e-type=\"container\">\n\t\t\t\t<div class=\"elementor-element elementor-element-7c981cb legal-texts elementor-widget elementor-widget-text-editor\" data-id=\"7c981cb\" data-element_type=\"widget\" data-e-type=\"widget\" data-widget_type=\"text-editor.default\">\n\t\t\t\t<div class=\"elementor-widget-container\">\n\t\t\t\t\t\t\t\t\t<p>URL: https:\/\/hotel-coteouest.com\/<\/p><p>Company name: SAS COTE OUEST<\/p><p>Share capital: \u20ac1,795,000.00<\/p><p>Intracommunity VAT: FR51409065406<\/p><p>RCS : 518055546<\/p><p>Head office: Route du Tour de France <br \/>CS 20339<br \/>85109 CEDEX Les Sables-d'Olonne<br \/><br \/><\/p><p><strong>Hotel C\u00d4TE OUEST :<\/strong><\/p><p>Tel: <a href=\"tel:+33251217777\">+33\u00a02\u00a051\u00a021\u00a077\u00a077<\/a><\/p><p>E-mail : <a href=\"mailto:h1078@accor.com\">h1078@accor.com<\/a><br \/><br \/><\/p><ol><li><h2>Purpose of the site<\/h2><\/li><\/ol><p>The Hotel C\u00d4TE OUEST website is dedicated to promoting the establishment, providing information and collecting personal data for the purposes of booking and managing customer relations.<\/p><p>Liability<\/p><p>Legal representative: Mrs Sylvie Dubreuil, President<\/p><p>Publication manager: Sylvie Dubreuil, President<\/p><p>Webmaster, design, editing, hosting: Eliophot + Hetzner Online GmbH - Industriestr. 25 - 91710 Gunzenhausen - Deutschland<\/p><ol start=\"2\"><li><h2>Collection of personal data<\/h2><\/li><\/ol><p>The C\u00d4TE OUEST Hotel website collects personal data online in order to reserve rooms and manage your stay.<\/p><p>In accordance with the French Data Protection Act, this site has been registered with the Commission Nationale Informatique et Libert\u00e9s (CNIL). You have the right to access, modify, rectify and delete your personal data. To exercise this right, please contact us at the following address: <a href=\"mailto:h1078@accor.com\">h1078@accor.com<\/a>.<\/p><ol start=\"3\"><li><h2>Intellectual property<\/h2><\/li><\/ol><p>All information, content, logos, texts, images and other elements present on the site are protected by French legislation and international conventions relating to intellectual property.<\/p><p>Any reproduction, distribution or modification, in whole or in part, without the prior authorization of H\u00f4tel C\u00d4TE OUEST, is strictly forbidden, except for private or family use.<\/p><ol start=\"4\"><li><h2>Disputes and mediation<\/h2><\/li><\/ol><p>In the event of a dispute, please contact our customer service department to try to resolve the problem amicably.<\/p><p>If no amicable solution is found, the consumer may refer the matter free of charge to a consumer mediator, namely the Association of European Mediators (AME CONSO), within one (1) year of the written complaint sent to the Hotel.<\/p><p>You can contact the mediator :<\/p><p>Online, using the form available on the website: www.mediationconso-ame.com<\/p><p>By post, to the following address<\/p><p>AME CONSO - 11 place Dauphine - 75001 PARIS<\/p><ol start=\"5\"><li><h2>Applicable law and online dispute resolution<\/h2><\/li><\/ol><p>In accordance with Article 14 of Regulation (EU) No. 524\/2013, the European Commission provides an online dispute resolution (ODR) platform. You can access it via the following link:<\/p><p>\ud83d\udc49 https:\/\/ec.europa.eu\/consumers\/odr\/<\/p><ol start=\"6\"><li><h2>No right of withdrawal<\/h2><\/li><\/ol><p>In accordance with article L.221-28 of the French Consumer Code, the right of withdrawal does not apply to accommodation services provided on a specific date or at specific intervals.<\/p><ol start=\"7\"><li><h2>Limited liability of the publisher<\/h2><\/li><\/ol><p>The site editor provides users with information and tools that he considers reliable. However, it cannot be held responsible for errors, the unavailability of functions, or the presence of viruses on the site.<\/p><p>The information on this site is provided for information purposes only and should not be used as a substitute for personal advice. The publisher does not guarantee the accuracy, completeness or timeliness of this information.<\/p><p>In addition, the site may contain links to third-party sites. The publisher assumes no responsibility for the content of these sites, and cannot be held liable for any direct or indirect damage resulting from their use.<\/p><p>You can oppose telephone canvassing by registering free of charge on the Bloctel list:\u00a0<a href=\"https:\/\/www.bloctel.gouv.fr\/\" rel=\"nofollow noopener\" target=\"_blank\">https:\/\/www.bloctel.gouv.fr<\/a>. We respect the Bloctel list and undertake not to contact you if you are on it.<\/p>\t\t\t\t\t\t\t\t<\/div>\n\t\t\t\t<\/div>\n\t\t\t\t<\/div>\n\t\t\t\t<\/div>\n\t\t\t\t\t<\/div>\n\t\t\t\t<\/div>\n\t\t\t\t<\/div>","protected":false},"excerpt":{"rendered":"<p>Mentions l\u00e9gales URL : https:\/\/hotel-coteouest.com\/ Raison sociale : SAS COTE OUEST Capital social : 1 795 000,00\u00a0\u20ac TVA intracommunautaire : FR51409065406 RCS : 518055546 Si\u00e8ge social : Route du Tour de France CS 2033985109 CEDEX Les Sables-d&rsquo;Olonne H\u00f4tel C\u00d4TE OUEST : T\u00e9l : +33\u00a02\u00a051\u00a021\u00a077\u00a077 E-mail : h1078@accor.com Objet du site Le site internet de l\u2019H\u00f4tel [&hellip;]<\/p>\n","protected":false},"author":7,"featured_media":0,"parent":0,"menu_order":17,"comment_status":"closed","ping_status":"closed","template":"","meta":{"_acf_changed":false,"inline_featured_image":false,"footnotes":""},"class_list":["post-1323","page","type-page","status-publish","hentry"],"acf":[],"_links":{"self":[{"href":"https:\/\/www.hotelcoteouestcom.preprod.eliophot.dev\/en\/wp-json\/wp\/v2\/pages\/1323","targetHints":{"allow":["GET"]}}],"collection":[{"href":"https:\/\/www.hotelcoteouestcom.preprod.eliophot.dev\/en\/wp-json\/wp\/v2\/pages"}],"about":[{"href":"https:\/\/www.hotelcoteouestcom.preprod.eliophot.dev\/en\/wp-json\/wp\/v2\/types\/page"}],"author":[{"embeddable":true,"href":"https:\/\/www.hotelcoteouestcom.preprod.eliophot.dev\/en\/wp-json\/wp\/v2\/users\/7"}],"replies":[{"embeddable":true,"href":"https:\/\/www.hotelcoteouestcom.preprod.eliophot.dev\/en\/wp-json\/wp\/v2\/comments?post=1323"}],"version-history":[{"count":31,"href":"https:\/\/www.hotelcoteouestcom.preprod.eliophot.dev\/en\/wp-json\/wp\/v2\/pages\/1323\/revisions"}],"predecessor-version":[{"id":6866,"href":"https:\/\/www.hotelcoteouestcom.preprod.eliophot.dev\/en\/wp-json\/wp\/v2\/pages\/1323\/revisions\/6866"}],"wp:attachment":[{"href":"https:\/\/www.hotelcoteouestcom.preprod.eliophot.dev\/en\/wp-json\/wp\/v2\/media?parent=1323"}],"curies":[{"name":"wp","href":"https:\/\/api.w.org\/{rel}","templated":true}]}}