{"id":5185,"date":"2026-03-03T10:20:46","date_gmt":"2026-03-03T09:20:46","guid":{"rendered":"https:\/\/www.hotelcoteouestcom.preprod.eliophot.dev\/?page_id=5185"},"modified":"2026-03-13T10:51:28","modified_gmt":"2026-03-13T09:51:28","slug":"acces-contact","status":"publish","type":"page","link":"https:\/\/www.hotelcoteouestcom.preprod.eliophot.dev\/en\/acces-contact\/","title":{"rendered":"Access &amp; Contact"},"content":{"rendered":"\t\t<div data-elementor-type=\"wp-page\" data-elementor-id=\"5185\" class=\"elementor elementor-5185\" data-elementor-post-type=\"page\">\n\t\t\t\t<div class=\"elementor-element elementor-element-12736e3 e-flex e-con-boxed e-con e-parent\" data-id=\"12736e3\" data-element_type=\"container\" data-e-type=\"container\" data-settings=\"{&quot;background_background&quot;:&quot;classic&quot;}\">\n\t\t\t\t\t<div class=\"e-con-inner\">\n\t\t<div class=\"elementor-element elementor-element-9308df6 e-con-full e-flex e-con e-child\" data-id=\"9308df6\" data-element_type=\"container\" data-e-type=\"container\">\n\t\t\t\t<div class=\"elementor-element elementor-element-d19263a elementor-widget elementor-widget-heading\" data-id=\"d19263a\" data-element_type=\"widget\" data-e-type=\"widget\" data-widget_type=\"heading.default\">\n\t\t\t\t<div class=\"elementor-widget-container\">\n\t\t\t\t\t<h2 class=\"elementor-heading-title elementor-size-default\">Acc\u00e8s et contact<\/h2>\t\t\t\t<\/div>\n\t\t\t\t<\/div>\n\t\t\t\t<div class=\"elementor-element elementor-element-e73813f main-title animated elementor-widget elementor-widget-heading\" data-id=\"e73813f\" data-element_type=\"widget\" data-e-type=\"widget\" data-widget_type=\"heading.default\">\n\t\t\t\t<div class=\"elementor-widget-container\">\n\t\t\t\t\t<span class=\"elementor-heading-title elementor-size-default\">V<em>enir \u00e0<br \/><\/em>C\u00d4TE OUEST<\/span>\t\t\t\t<\/div>\n\t\t\t\t<\/div>\n\t\t\t\t<\/div>\n\t\t<div class=\"elementor-element elementor-element-a3b84b2 e-con-full e-flex e-con e-child\" data-id=\"a3b84b2\" data-element_type=\"container\" data-e-type=\"container\">\n\t\t<div class=\"elementor-element elementor-element-4e3f032 e-con-full e-flex e-con e-child\" data-id=\"4e3f032\" data-element_type=\"container\" data-e-type=\"container\">\n\t\t<div class=\"elementor-element elementor-element-d79f1fc e-con-full e-flex e-con e-child\" data-id=\"d79f1fc\" data-element_type=\"container\" data-e-type=\"container\">\n\t\t\t\t<div class=\"elementor-element elementor-element-410940a elementor-widget elementor-widget-text-editor\" data-id=\"410940a\" data-element_type=\"widget\" data-e-type=\"widget\" data-widget_type=\"text-editor.default\">\n\t\t\t\t<div class=\"elementor-widget-container\">\n\t\t\t\t\t\t\t\t\t<p>En avion<\/p>\t\t\t\t\t\t\t\t<\/div>\n\t\t\t\t<\/div>\n\t\t\t\t<div class=\"elementor-element elementor-element-6797113 elementor-widget elementor-widget-text-editor\" data-id=\"6797113\" data-element_type=\"widget\" data-e-type=\"widget\" data-widget_type=\"text-editor.default\">\n\t\t\t\t<div class=\"elementor-widget-container\">\n\t\t\t\t\t\t\t\t\t<p>En avion, atterrissez \u00e0 La Rochelle ou Nantes, puis faites le transfert en navette, taxi ou location de voiture directement jusqu\u2019aux Sables-d\u2019Olonne.<\/p>\t\t\t\t\t\t\t\t<\/div>\n\t\t\t\t<\/div>\n\t\t\t\t<\/div>\n\t\t<div class=\"elementor-element elementor-element-71150c0 e-con-full e-transform e-flex e-con e-child\" data-id=\"71150c0\" data-element_type=\"container\" data-e-type=\"container\" data-settings=\"{&quot;_transform_translateX_effect&quot;:{&quot;unit&quot;:&quot;px&quot;,&quot;size&quot;:70,&quot;sizes&quot;:[]},&quot;_transform_translateX_effect_mobile&quot;:{&quot;unit&quot;:&quot;px&quot;,&quot;size&quot;:0,&quot;sizes&quot;:[]},&quot;_transform_translateX_effect_laptop&quot;:{&quot;unit&quot;:&quot;px&quot;,&quot;size&quot;:&quot;&quot;,&quot;sizes&quot;:[]},&quot;_transform_translateX_effect_tablet_extra&quot;:{&quot;unit&quot;:&quot;px&quot;,&quot;size&quot;:&quot;&quot;,&quot;sizes&quot;:[]},&quot;_transform_translateX_effect_tablet&quot;:{&quot;unit&quot;:&quot;px&quot;,&quot;size&quot;:&quot;&quot;,&quot;sizes&quot;:[]},&quot;_transform_translateY_effect&quot;:{&quot;unit&quot;:&quot;px&quot;,&quot;size&quot;:&quot;&quot;,&quot;sizes&quot;:[]},&quot;_transform_translateY_effect_laptop&quot;:{&quot;unit&quot;:&quot;px&quot;,&quot;size&quot;:&quot;&quot;,&quot;sizes&quot;:[]},&quot;_transform_translateY_effect_tablet_extra&quot;:{&quot;unit&quot;:&quot;px&quot;,&quot;size&quot;:&quot;&quot;,&quot;sizes&quot;:[]},&quot;_transform_translateY_effect_tablet&quot;:{&quot;unit&quot;:&quot;px&quot;,&quot;size&quot;:&quot;&quot;,&quot;sizes&quot;:[]},&quot;_transform_translateY_effect_mobile&quot;:{&quot;unit&quot;:&quot;px&quot;,&quot;size&quot;:&quot;&quot;,&quot;sizes&quot;:[]}}\">\n\t\t<div class=\"elementor-element elementor-element-79051b4 e-con-full e-flex e-con e-child\" data-id=\"79051b4\" data-element_type=\"container\" data-e-type=\"container\">\n\t\t\t\t<div class=\"elementor-element elementor-element-8d5c20c elementor-widget elementor-widget-text-editor\" data-id=\"8d5c20c\" data-element_type=\"widget\" data-e-type=\"widget\" data-widget_type=\"text-editor.default\">\n\t\t\t\t<div class=\"elementor-widget-container\">\n\t\t\t\t\t\t\t\t\t<p>en train<\/p>\t\t\t\t\t\t\t\t<\/div>\n\t\t\t\t<\/div>\n\t\t\t\t<div class=\"elementor-element elementor-element-57f22d6 elementor-widget elementor-widget-text-editor\" data-id=\"57f22d6\" data-element_type=\"widget\" data-e-type=\"widget\" data-widget_type=\"text-editor.default\">\n\t\t\t\t<div class=\"elementor-widget-container\">\n\t\t\t\t\t\t\t\t\t<p>En train, descendez \u00e0 la gare des Sables-d\u2019Olonne; l\u2019h\u00f4tel est accessible en taxi, bus ou navette depuis la gare.<\/p>\t\t\t\t\t\t\t\t<\/div>\n\t\t\t\t<\/div>\n\t\t\t\t<\/div>\n\t\t<div class=\"elementor-element elementor-element-7c41dac e-con-full e-flex e-con e-child\" data-id=\"7c41dac\" data-element_type=\"container\" data-e-type=\"container\">\n\t\t\t\t<div class=\"elementor-element elementor-element-99945e6 elementor-widget elementor-widget-image\" data-id=\"99945e6\" data-element_type=\"widget\" data-e-type=\"widget\" data-widget_type=\"image.default\">\n\t\t\t\t<div class=\"elementor-widget-container\">\n\t\t\t\t\t\t\t\t\t\t\t\t\t\t\t<img fetchpriority=\"high\" decoding=\"async\" width=\"2119\" height=\"1414\" src=\"https:\/\/www.hotelcoteouestcom.preprod.eliophot.dev\/wp-content\/uploads\/2026\/02\/sables-olonne-1.jpg\" class=\"attachment-full size-full wp-image-4765\" alt=\"\" srcset=\"https:\/\/www.hotelcoteouestcom.preprod.eliophot.dev\/wp-content\/uploads\/2026\/02\/sables-olonne-1.jpg 2119w, https:\/\/www.hotelcoteouestcom.preprod.eliophot.dev\/wp-content\/uploads\/2026\/02\/sables-olonne-1-300x200.jpg 300w, https:\/\/www.hotelcoteouestcom.preprod.eliophot.dev\/wp-content\/uploads\/2026\/02\/sables-olonne-1-1024x683.jpg 1024w, https:\/\/www.hotelcoteouestcom.preprod.eliophot.dev\/wp-content\/uploads\/2026\/02\/sables-olonne-1-768x512.jpg 768w, https:\/\/www.hotelcoteouestcom.preprod.eliophot.dev\/wp-content\/uploads\/2026\/02\/sables-olonne-1-1536x1025.jpg 1536w, https:\/\/www.hotelcoteouestcom.preprod.eliophot.dev\/wp-content\/uploads\/2026\/02\/sables-olonne-1-2048x1367.jpg 2048w, https:\/\/www.hotelcoteouestcom.preprod.eliophot.dev\/wp-content\/uploads\/2026\/02\/sables-olonne-1-18x12.jpg 18w\" sizes=\"(max-width: 2119px) 100vw, 2119px\" title=\"\">\t\t\t\t\t\t\t\t\t\t\t\t\t\t\t<\/div>\n\t\t\t\t<\/div>\n\t\t\t\t<\/div>\n\t\t\t\t<\/div>\n\t\t\t\t<\/div>\n\t\t<div class=\"elementor-element elementor-element-b1acef3 e-con-full e-flex e-con e-child\" data-id=\"b1acef3\" data-element_type=\"container\" data-e-type=\"container\">\n\t\t\t\t<div class=\"elementor-element elementor-element-25e39ea elementor-widget elementor-widget-image\" data-id=\"25e39ea\" data-element_type=\"widget\" data-e-type=\"widget\" data-widget_type=\"image.default\">\n\t\t\t\t<div class=\"elementor-widget-container\">\n\t\t\t\t\t\t\t\t\t\t\t\t\t\t\t<img decoding=\"async\" width=\"1920\" height=\"2560\" src=\"https:\/\/www.hotelcoteouestcom.preprod.eliophot.dev\/wp-content\/uploads\/2026\/02\/facade-cote-ouest-scaled.jpeg\" class=\"attachment-full size-full wp-image-4786\" alt=\"\" srcset=\"https:\/\/www.hotelcoteouestcom.preprod.eliophot.dev\/wp-content\/uploads\/2026\/02\/facade-cote-ouest-scaled.jpeg 1920w, https:\/\/www.hotelcoteouestcom.preprod.eliophot.dev\/wp-content\/uploads\/2026\/02\/facade-cote-ouest-225x300.jpeg 225w, https:\/\/www.hotelcoteouestcom.preprod.eliophot.dev\/wp-content\/uploads\/2026\/02\/facade-cote-ouest-768x1024.jpeg 768w, https:\/\/www.hotelcoteouestcom.preprod.eliophot.dev\/wp-content\/uploads\/2026\/02\/facade-cote-ouest-1152x1536.jpeg 1152w, https:\/\/www.hotelcoteouestcom.preprod.eliophot.dev\/wp-content\/uploads\/2026\/02\/facade-cote-ouest-1536x2048.jpeg 1536w, https:\/\/www.hotelcoteouestcom.preprod.eliophot.dev\/wp-content\/uploads\/2026\/02\/facade-cote-ouest-9x12.jpeg 9w\" sizes=\"(max-width: 1920px) 100vw, 1920px\" title=\"\">\t\t\t\t\t\t\t\t\t\t\t\t\t\t\t<\/div>\n\t\t\t\t<\/div>\n\t\t\t\t<\/div>\n\t\t\t\t<\/div>\n\t\t<div class=\"elementor-element elementor-element-78df4a0 e-con-full e-flex e-con e-child\" data-id=\"78df4a0\" data-element_type=\"container\" data-e-type=\"container\">\n\t\t<div class=\"elementor-element elementor-element-4cdb3fe e-con-full elementor-hidden-mobile e-flex e-con e-child\" data-id=\"4cdb3fe\" data-element_type=\"container\" data-e-type=\"container\">\n\t\t\t\t<\/div>\n\t\t<div class=\"elementor-element elementor-element-93cb45b e-con-full e-transform e-flex e-con e-child\" data-id=\"93cb45b\" data-element_type=\"container\" data-e-type=\"container\" data-settings=\"{&quot;_transform_translateX_effect&quot;:{&quot;unit&quot;:&quot;px&quot;,&quot;size&quot;:0,&quot;sizes&quot;:[]},&quot;_transform_translateY_effect&quot;:{&quot;unit&quot;:&quot;px&quot;,&quot;size&quot;:-120,&quot;sizes&quot;:[]},&quot;_transform_translateY_effect_mobile&quot;:{&quot;unit&quot;:&quot;px&quot;,&quot;size&quot;:0,&quot;sizes&quot;:[]},&quot;_transform_translateY_effect_tablet&quot;:{&quot;unit&quot;:&quot;px&quot;,&quot;size&quot;:-60,&quot;sizes&quot;:[]},&quot;_transform_translateX_effect_laptop&quot;:{&quot;unit&quot;:&quot;px&quot;,&quot;size&quot;:&quot;&quot;,&quot;sizes&quot;:[]},&quot;_transform_translateX_effect_tablet_extra&quot;:{&quot;unit&quot;:&quot;px&quot;,&quot;size&quot;:&quot;&quot;,&quot;sizes&quot;:[]},&quot;_transform_translateX_effect_tablet&quot;:{&quot;unit&quot;:&quot;px&quot;,&quot;size&quot;:&quot;&quot;,&quot;sizes&quot;:[]},&quot;_transform_translateX_effect_mobile&quot;:{&quot;unit&quot;:&quot;px&quot;,&quot;size&quot;:&quot;&quot;,&quot;sizes&quot;:[]},&quot;_transform_translateY_effect_laptop&quot;:{&quot;unit&quot;:&quot;px&quot;,&quot;size&quot;:&quot;&quot;,&quot;sizes&quot;:[]},&quot;_transform_translateY_effect_tablet_extra&quot;:{&quot;unit&quot;:&quot;px&quot;,&quot;size&quot;:&quot;&quot;,&quot;sizes&quot;:[]}}\">\n\t\t<div class=\"elementor-element elementor-element-3f7ad3f e-con-full e-flex e-con e-child\" data-id=\"3f7ad3f\" data-element_type=\"container\" data-e-type=\"container\">\n\t\t\t\t<div class=\"elementor-element elementor-element-2f0603e elementor-widget elementor-widget-text-editor\" data-id=\"2f0603e\" data-element_type=\"widget\" data-e-type=\"widget\" data-widget_type=\"text-editor.default\">\n\t\t\t\t<div class=\"elementor-widget-container\">\n\t\t\t\t\t\t\t\t\t<p>en voiture<\/p>\t\t\t\t\t\t\t\t<\/div>\n\t\t\t\t<\/div>\n\t\t\t\t<div class=\"elementor-element elementor-element-26ba870 elementor-widget elementor-widget-text-editor\" data-id=\"26ba870\" data-element_type=\"widget\" data-e-type=\"widget\" data-widget_type=\"text-editor.default\">\n\t\t\t\t<div class=\"elementor-widget-container\">\n\t\t\t\t\t\t\t\t\t<p>En voiture, empruntez l\u2019A87\/A83 puis la D3 selon le GPS ; le parking de l&rsquo;h\u00f4tel est disponible, arriv\u00e9e simple face \u00e0 l\u2019oc\u00e9an.<\/p>\t\t\t\t\t\t\t\t<\/div>\n\t\t\t\t<\/div>\n\t\t\t\t<\/div>\n\t\t<div class=\"elementor-element elementor-element-8e40e43 e-con-full e-flex e-con e-child\" data-id=\"8e40e43\" data-element_type=\"container\" data-e-type=\"container\">\n\t\t\t\t<div class=\"elementor-element elementor-element-2f1bec8 elementor-widget elementor-widget-image\" data-id=\"2f1bec8\" data-element_type=\"widget\" data-e-type=\"widget\" data-widget_type=\"image.default\">\n\t\t\t\t<div class=\"elementor-widget-container\">\n\t\t\t\t\t\t\t\t\t\t\t\t\t\t\t<img decoding=\"async\" width=\"1080\" height=\"896\" src=\"https:\/\/www.hotelcoteouestcom.preprod.eliophot.dev\/wp-content\/uploads\/2026\/02\/hco-embruns-1.jpg\" class=\"attachment-full size-full wp-image-3896\" alt=\"\" srcset=\"https:\/\/www.hotelcoteouestcom.preprod.eliophot.dev\/wp-content\/uploads\/2026\/02\/hco-embruns-1.jpg 1080w, https:\/\/www.hotelcoteouestcom.preprod.eliophot.dev\/wp-content\/uploads\/2026\/02\/hco-embruns-1-300x249.jpg 300w, https:\/\/www.hotelcoteouestcom.preprod.eliophot.dev\/wp-content\/uploads\/2026\/02\/hco-embruns-1-1024x850.jpg 1024w, https:\/\/www.hotelcoteouestcom.preprod.eliophot.dev\/wp-content\/uploads\/2026\/02\/hco-embruns-1-768x637.jpg 768w, https:\/\/www.hotelcoteouestcom.preprod.eliophot.dev\/wp-content\/uploads\/2026\/02\/hco-embruns-1-14x12.jpg 14w\" sizes=\"(max-width: 1080px) 100vw, 1080px\" title=\"\">\t\t\t\t\t\t\t\t\t\t\t\t\t\t\t<\/div>\n\t\t\t\t<\/div>\n\t\t\t\t<\/div>\n\t\t\t\t<\/div>\n\t\t\t\t<\/div>\n\t\t\t\t\t<\/div>\n\t\t\t\t<\/div>\n\t\t<div class=\"elementor-element elementor-element-d8de8ec e-flex e-con-boxed e-con e-child\" data-id=\"d8de8ec\" data-element_type=\"container\" data-e-type=\"container\">\n\t\t\t\t\t<div class=\"e-con-inner\">\n\t\t\t\t<div class=\"elementor-element elementor-element-d959cc6 elementor-widget elementor-widget-image\" data-id=\"d959cc6\" data-element_type=\"widget\" data-e-type=\"widget\" data-widget_type=\"image.default\">\n\t\t\t\t<div class=\"elementor-widget-container\">\n\t\t\t\t\t\t\t\t\t\t\t\t\t\t\t<img loading=\"lazy\" decoding=\"async\" width=\"126\" height=\"119\" src=\"https:\/\/www.hotelcoteouestcom.preprod.eliophot.dev\/wp-content\/uploads\/2026\/01\/cote-ouest-gravure-paquebot.png\" class=\"attachment-full size-full wp-image-474\" alt=\"\" srcset=\"https:\/\/www.hotelcoteouestcom.preprod.eliophot.dev\/wp-content\/uploads\/2026\/01\/cote-ouest-gravure-paquebot.png 126w, https:\/\/www.hotelcoteouestcom.preprod.eliophot.dev\/wp-content\/uploads\/2026\/01\/cote-ouest-gravure-paquebot-13x12.png 13w\" sizes=\"(max-width: 126px) 100vw, 126px\" title=\"\">\t\t\t\t\t\t\t\t\t\t\t\t\t\t\t<\/div>\n\t\t\t\t<\/div>\n\t\t\t\t<div class=\"elementor-element elementor-element-38582ff main-title animated elementor-widget elementor-widget-heading\" data-id=\"38582ff\" data-element_type=\"widget\" data-e-type=\"widget\" data-widget_type=\"heading.default\">\n\t\t\t\t<div class=\"elementor-widget-container\">\n\t\t\t\t\t<span class=\"elementor-heading-title elementor-size-default\">Contactez nous<\/span>\t\t\t\t<\/div>\n\t\t\t\t<\/div>\n\t\t\t\t<div class=\"elementor-element elementor-element-43ae4b3 elementor-button-align-end elementor-widget elementor-widget-form\" data-id=\"43ae4b3\" data-element_type=\"widget\" data-e-type=\"widget\" data-settings=\"{&quot;step_next_label&quot;:&quot;Suivant&quot;,&quot;step_previous_label&quot;:&quot;Pr\\u00e9c\\u00e9dent&quot;,&quot;button_width&quot;:&quot;100&quot;,&quot;step_type&quot;:&quot;number_text&quot;,&quot;step_icon_shape&quot;:&quot;circle&quot;}\" data-widget_type=\"form.default\">\n\t\t\t\t<div class=\"elementor-widget-container\">\n\t\t\t\t\t\t\t<form class=\"elementor-form\" method=\"post\" name=\"Formulaire offre sp\u00e9ciale\" aria-label=\"Formulaire offre sp\u00e9ciale\">\n\t\t\t<input type=\"hidden\" name=\"post_id\" value=\"5185\"\/>\n\t\t\t<input type=\"hidden\" name=\"form_id\" value=\"43ae4b3\"\/>\n\t\t\t<input type=\"hidden\" name=\"referer_title\" value=\"Acc\u00e8s &amp; Contact | H\u00f4tel C\u00f4te Ouest\" \/>\n\n\t\t\t\t\t\t\t<input type=\"hidden\" name=\"queried_id\" value=\"5185\"\/>\n\t\t\t\n\t\t\t<div class=\"elementor-form-fields-wrapper elementor-labels-\">\n\t\t\t\t\t\t\t\t<div class=\"elementor-field-type-hidden elementor-field-group elementor-column elementor-field-group-offre elementor-col-100\">\n\t\t\t\t\t\t\t\t\t\t\t\t\t<input size=\"1\" type=\"hidden\" name=\"form_fields[offre]\" id=\"form-field-offre\" class=\"elementor-field elementor-size-sm  elementor-field-textual\">\n\t\t\t\t\t\t\t\t\t\t\t<\/div>\n\t\t\t\t\t\t\t\t<div class=\"elementor-field-type-text elementor-field-group elementor-column elementor-field-group-name elementor-col-50 elementor-field-required\">\n\t\t\t\t\t\t\t\t\t\t\t\t<label for=\"form-field-name\" class=\"elementor-field-label elementor-screen-only\">\n\t\t\t\t\t\t\t\tNom\t\t\t\t\t\t\t<\/label>\n\t\t\t\t\t\t\t\t\t\t\t\t\t\t<input size=\"1\" type=\"text\" name=\"form_fields[name]\" id=\"form-field-name\" class=\"elementor-field elementor-size-sm  elementor-field-textual\" placeholder=\"Nom*\" required=\"required\">\n\t\t\t\t\t\t\t\t\t\t\t<\/div>\n\t\t\t\t\t\t\t\t<div class=\"elementor-field-type-text elementor-field-group elementor-column elementor-field-group-prenom elementor-col-50 elementor-field-required\">\n\t\t\t\t\t\t\t\t\t\t\t\t<label for=\"form-field-prenom\" class=\"elementor-field-label elementor-screen-only\">\n\t\t\t\t\t\t\t\tPr\u00e9nom\t\t\t\t\t\t\t<\/label>\n\t\t\t\t\t\t\t\t\t\t\t\t\t\t<input size=\"1\" type=\"text\" name=\"form_fields[prenom]\" id=\"form-field-prenom\" class=\"elementor-field elementor-size-sm  elementor-field-textual\" placeholder=\"Prenom*\" required=\"required\">\n\t\t\t\t\t\t\t\t\t\t\t<\/div>\n\t\t\t\t\t\t\t\t<div class=\"elementor-field-type-email elementor-field-group elementor-column elementor-field-group-email elementor-col-50 elementor-field-required\">\n\t\t\t\t\t\t\t\t\t\t\t\t<label for=\"form-field-email\" class=\"elementor-field-label elementor-screen-only\">\n\t\t\t\t\t\t\t\tE-mail\t\t\t\t\t\t\t<\/label>\n\t\t\t\t\t\t\t\t\t\t\t\t\t\t<input size=\"1\" type=\"email\" name=\"form_fields[email]\" id=\"form-field-email\" class=\"elementor-field elementor-size-sm  elementor-field-textual\" placeholder=\"E-mail*\" required=\"required\">\n\t\t\t\t\t\t\t\t\t\t\t<\/div>\n\t\t\t\t\t\t\t\t<div class=\"elementor-field-type-tel elementor-field-group elementor-column elementor-field-group-telephone elementor-col-50 elementor-field-required\">\n\t\t\t\t\t\t\t\t\t\t\t\t<label for=\"form-field-telephone\" class=\"elementor-field-label elementor-screen-only\">\n\t\t\t\t\t\t\t\tT\u00e9l\u00e9phone\t\t\t\t\t\t\t<\/label>\n\t\t\t\t\t\t\t\t<input size=\"1\" type=\"tel\" name=\"form_fields[telephone]\" id=\"form-field-telephone\" class=\"elementor-field elementor-size-sm  elementor-field-textual\" placeholder=\"T\u00e9l\u00e9phone*\" required=\"required\" pattern=\"[0-9()#&amp;+*-=.]+\" title=\"Seuls les caract\u00e8res de num\u00e9ros de t\u00e9l\u00e9phone (#, -, *, etc.) sont accept\u00e9s.\">\n\n\t\t\t\t\t\t<\/div>\n\t\t\t\t\t\t\t\t<div class=\"elementor-field-type-textarea elementor-field-group elementor-column elementor-field-group-message elementor-col-100 elementor-field-required\">\n\t\t\t\t\t\t\t\t\t\t\t\t<label for=\"form-field-message\" class=\"elementor-field-label elementor-screen-only\">\n\t\t\t\t\t\t\t\tMessage\t\t\t\t\t\t\t<\/label>\n\t\t\t\t\t\t<textarea class=\"elementor-field-textual elementor-field  elementor-size-sm\" name=\"form_fields[message]\" id=\"form-field-message\" rows=\"4\" placeholder=\"Message*\" required=\"required\"><\/textarea>\t\t\t\t<\/div>\n\t\t\t\t\t\t\t\t<div class=\"elementor-field-type-acceptance elementor-field-group elementor-column elementor-field-group-field_95b7828 elementor-col-100 elementor-field-required\">\n\t\t\t\t\t\t\t\t\t\t\t\t<label for=\"form-field-field_95b7828\" class=\"elementor-field-label elementor-screen-only\">\n\t\t\t\t\t\t\t\tOptin\t\t\t\t\t\t\t<\/label>\n\t\t\t\t\t\t\t\t<div class=\"elementor-field-subgroup\">\n\t\t\t<span class=\"elementor-field-option\">\n\t\t\t\t<input type=\"checkbox\" name=\"form_fields[field_95b7828]\" id=\"form-field-field_95b7828\" class=\"elementor-field elementor-size-sm  elementor-acceptance-field\" required=\"required\">\n\t\t\t\t<label for=\"form-field-field_95b7828\">J\u2019accepte l\u2019utilisation de mes donn\u00e9es conform\u00e9ment aux CGU et \u00e0 la politique de confidentialit\u00e9*<\/label>\t\t\t<\/span>\n\t\t<\/div>\n\t\t\t\t\t\t<\/div>\n\t\t\t\t\t\t\t\t<div class=\"elementor-field-type-recaptcha_v3 elementor-field-group elementor-column elementor-field-group-field_b380fca elementor-col-100 recaptcha_v3-bottomright\">\n\t\t\t\t\t<div class=\"elementor-field\" id=\"form-field-field_b380fca\"><\/div>\t\t\t\t<\/div>\n\t\t\t\t\t\t\t\t<div class=\"elementor-field-group elementor-column elementor-field-type-submit elementor-col-100 e-form__buttons\">\n\t\t\t\t\t<button class=\"elementor-button elementor-size-xs\" type=\"submit\">\n\t\t\t\t\t\t<span class=\"elementor-button-content-wrapper\">\n\t\t\t\t\t\t\t\t\t\t\t\t\t\t\t\t\t\t\t\t\t\t<span class=\"elementor-button-text\">Envoyer<\/span>\n\t\t\t\t\t\t\t\t\t\t\t\t\t<\/span>\n\t\t\t\t\t<\/button>\n\t\t\t\t<\/div>\n\t\t\t<\/div>\n\t\t<\/form>\n\t\t\t\t\t\t<\/div>\n\t\t\t\t<\/div>\n\t\t\t\t<div class=\"elementor-element elementor-element-da35416 elementor-widget elementor-widget-text-editor\" data-id=\"da35416\" data-element_type=\"widget\" data-e-type=\"widget\" data-widget_type=\"text-editor.default\">\n\t\t\t\t<div class=\"elementor-widget-container\">\n\t\t\t\t\t\t\t\t\t<p>**En soumettant ce formulaire, j\u2019accepte que les informations saisies dans ce formulaire soient utilis\u00e9es et trait\u00e9es pour permettre de me recontacter, dans le cadre de ma demande d\u2019informations, que ce soit par mail, ou t\u00e9l\u00e9phone. Pour conna\u00eetre et exercer vos droits, notamment de retrait de consentement \u00e0 l\u2019utilisation de donn\u00e9es collect\u00e9es par ce formulaire. Veuillez consulter nos\u00a0<a href=\"https:\/\/www.hotelcoteouestcom.preprod.eliophot.dev\/mentions-legales\/\" target=\"_blank\" rel=\"noopener\">mentions l\u00e9gales<\/a>.<\/p><p>Ce site est prot\u00e9g\u00e9 par reCAPTCHA \u2013 la\u00a0<a href=\"https:\/\/policies.google.com\/privacy\" target=\"_blank\" rel=\"nofollow noopener\">politique de confidentialit\u00e9<\/a>\u00a0et les\u00a0<a href=\"https:\/\/policies.google.com\/terms\" target=\"_blank\" rel=\"nofollow noopener\">conditions de service<\/a>\u00a0de Google s\u2019appliquent.<\/p>\t\t\t\t\t\t\t\t<\/div>\n\t\t\t\t<\/div>\n\t\t\t\t\t<\/div>\n\t\t\t\t<\/div>\n\t\t\t\t<\/div>\n\t\t","protected":false},"excerpt":{"rendered":"<p>Acc\u00e8s et contact Venir \u00e0C\u00d4TE OUEST En avion En avion, atterrissez \u00e0 La Rochelle ou Nantes, puis faites le transfert en navette, taxi ou location de voiture directement jusqu\u2019aux Sables-d\u2019Olonne. en train En train, descendez \u00e0 la gare des Sables-d\u2019Olonne; l\u2019h\u00f4tel est accessible en taxi, bus ou navette depuis la gare. en voiture En voiture, [&hellip;]<\/p>\n","protected":false},"author":13,"featured_media":0,"parent":0,"menu_order":0,"comment_status":"closed","ping_status":"closed","template":"","meta":{"_acf_changed":false,"inline_featured_image":false,"footnotes":""},"class_list":["post-5185","page","type-page","status-publish","hentry"],"acf":[],"_links":{"self":[{"href":"https:\/\/www.hotelcoteouestcom.preprod.eliophot.dev\/en\/wp-json\/wp\/v2\/pages\/5185","targetHints":{"allow":["GET"]}}],"collection":[{"href":"https:\/\/www.hotelcoteouestcom.preprod.eliophot.dev\/en\/wp-json\/wp\/v2\/pages"}],"about":[{"href":"https:\/\/www.hotelcoteouestcom.preprod.eliophot.dev\/en\/wp-json\/wp\/v2\/types\/page"}],"author":[{"embeddable":true,"href":"https:\/\/www.hotelcoteouestcom.preprod.eliophot.dev\/en\/wp-json\/wp\/v2\/users\/13"}],"replies":[{"embeddable":true,"href":"https:\/\/www.hotelcoteouestcom.preprod.eliophot.dev\/en\/wp-json\/wp\/v2\/comments?post=5185"}],"version-history":[{"count":52,"href":"https:\/\/www.hotelcoteouestcom.preprod.eliophot.dev\/en\/wp-json\/wp\/v2\/pages\/5185\/revisions"}],"predecessor-version":[{"id":6942,"href":"https:\/\/www.hotelcoteouestcom.preprod.eliophot.dev\/en\/wp-json\/wp\/v2\/pages\/5185\/revisions\/6942"}],"wp:attachment":[{"href":"https:\/\/www.hotelcoteouestcom.preprod.eliophot.dev\/en\/wp-json\/wp\/v2\/media?parent=5185"}],"curies":[{"name":"wp","href":"https:\/\/api.w.org\/{rel}","templated":true}]}}